{"id":2551,"date":"2024-11-05T15:14:50","date_gmt":"2024-11-05T14:14:50","guid":{"rendered":"https:\/\/serbie20.rs\/team\/zoran-janjetovic\/"},"modified":"2024-11-28T11:17:57","modified_gmt":"2024-11-28T10:17:57","slug":"zoran-janjetovic","status":"publish","type":"page","link":"https:\/\/serbie20.rs\/en\/team\/zoran-janjetovic\/","title":{"rendered":"Zoran Janjetovi\u0107"},"content":{"rendered":"\t\t<div data-elementor-type=\"wp-page\" data-elementor-id=\"2551\" class=\"elementor elementor-2551 elementor-2452\" data-elementor-post-type=\"page\">\n\t\t\t\t\t\t<section class=\"elementor-section elementor-top-section elementor-element elementor-element-1bee33a elementor-section-boxed elementor-section-height-default elementor-section-height-default\" data-id=\"1bee33a\" data-element_type=\"section\" data-e-type=\"section\">\n\t\t\t\t\t\t<div class=\"elementor-container elementor-column-gap-no\">\n\t\t\t\t\t<div class=\"elementor-column elementor-col-100 elementor-top-column elementor-element elementor-element-169e598\" data-id=\"169e598\" data-element_type=\"column\" data-e-type=\"column\">\n\t\t\t<div class=\"elementor-widget-wrap elementor-element-populated\">\n\t\t\t\t\t\t<div class=\"elementor-element elementor-element-17f2c23 elementor-widget elementor-widget-image\" data-id=\"17f2c23\" data-element_type=\"widget\" data-e-type=\"widget\" data-widget_type=\"image.default\">\n\t\t\t\t<div class=\"elementor-widget-container\">\n\t\t\t\t\t\t\t\t\t\t\t\t\t\t\t<img decoding=\"async\" width=\"150\" height=\"220\" src=\"https:\/\/serbie20.rs\/wp-content\/uploads\/2024\/11\/Zoran-Janjetovic-foto-qwm45aml2ek735th3vn3w5wx6j9cbz2xuj7cvfqrrs.jpg\" class=\"attachment-full size-full wp-image-2613\" alt=\"\" \/>\t\t\t\t\t\t\t\t\t\t\t\t\t\t\t<\/div>\n\t\t\t\t<\/div>\n\t\t\t\t<div class=\"elementor-element elementor-element-1b19643 elementor-widget elementor-widget-heading\" data-id=\"1b19643\" data-element_type=\"widget\" data-e-type=\"widget\" data-widget_type=\"heading.default\">\n\t\t\t\t<div class=\"elementor-widget-container\">\n\t\t\t\t\t<h2 class=\"elementor-heading-title elementor-size-default\">Zoran Janjetovi\u0107<\/h2>\t\t\t\t<\/div>\n\t\t\t\t<\/div>\n\t\t\t\t<div class=\"elementor-element elementor-element-e1c981d elementor-widget elementor-widget-text-editor\" data-id=\"e1c981d\" data-element_type=\"widget\" data-e-type=\"widget\" data-widget_type=\"text-editor.default\">\n\t\t\t\t<div class=\"elementor-widget-container\">\n\t\t\t\t\t\t\t\t\t<p>Zoran Janjetovi\u0107 is principal research fellow at the Institute for Recent History of Serbia. Janjetovi\u0107 was born in Zagreb in 1967. He studied history at the Faculty of Arts at the University of Belgrade. He took the post-graduate course at the same faculty at the chair for General Contemporary History 1993-1997 and at the Central European University in Budapest 1994-995. He defended his MA paper with the title \u201cEmigration of the German Minority from the Vojvodina 1944-1948\u201c at both universities. Since 1994 he has been employed as researcher at the Institute or Recent History of Serbia in Belgrade. He defended his Ph.D. with the title \u201eNational Minorities in the Kingdom of the Serbs, Croats and Slovenes\/Yugoslavia 1918-1941\u201c professors Andrej Mitrovi\u0107 and Milan Ristovi\u0107 being his doctoral sponsors. He has published eight books and more than 130 articles in Serbian and foreign journals and edited volumes in Serbian, English, German, Hungarian, Czech, Macedonian, Turkish and Japanese. He also edited four volumes of articles, prepared for publication the memoirs of\u00a0 Kosta Sofronijevi\u0107 and translated the biography of Johann Albrecht von Reiswitz by Andreas Roth. He took part at numerous international conferences in Serbia and abroad, as well as in several international projects (Grenzen der Wiedergutmachung. Die Entsch\u00e4digung f\u00fcr die NS-Verfolgte in West- und Osteuropa 2005-2006; Arbeitsverwaltungen und Arbeitskr\u00e4ftepolitik im deutschbesetzten Polen und Serbien 1939-1944, 2010-2011.) At the turn of the 21st century he was regular participant at conferences with Croatian historians organized by the Friedrich Naumann Foundation. He was one of the organizers of the conferences <em>Vom \u201eVerschwinden\u201c der deutschprachigen Minderheiten. Ein schwieriges Kapitel in der Geschichte Jugoslawiens 1941-1955<\/em> in Gornja Radgona\/Bad Radkersburg, Austria in 2015 and <em>On the Edge of Christian Europe<\/em>, in Belgrade in 2019.<\/p>\n<p>He spent three research stays in Germany (1997, 2000 and 2007) in well-known institutes in Mainz (Leibniz-Institut f\u00fcr europ\u00e4ische Geschichte), Tuebingen (Institut f\u00fcr donauschw\u00e4bische Geschichte und Landeskunde) and Munich (Institut f\u00fcr Kultur und Geschichte der Deutschen S\u00fcdosteuropas).<\/p>\n<p>He served three terms as a chairman of the Scolarly Council of the Institute for Recent History of Serbia. He is the member of the Scolarly Council of the Central Danube-Swabian Museum in Ulm, of the Historical Commission for South-East Europe of the Pro-Oriente Foundation, of the Commission for History and Culture of the Germans of South-Eastern Europe and sits on the editorial board of\u00a0 Godi\u0161njak za istra\u017eivanje genocida from Belgrade. He speaks English and German and has working knowledge of Italian, French, Macedonian and Slovenian.<\/p>\n<p>His scholarly interests cover national minorities in the former Yugoslav territory, WWII, Yugoslav-German relations and social history.<\/p>\n\t\t\t\t\t\t\t\t<\/div>\n\t\t\t\t<\/div>\n\t\t\t\t\t<\/div>\n\t\t<\/div>\n\t\t\t\t\t<\/div>\n\t\t<\/section>\n\t\t\t\t<\/div>\n\t\t","protected":false},"excerpt":{"rendered":"<p>Zoran Janjetovi\u0107 Zoran Janjetovi\u0107 is principal research fellow at the Institute for Recent History of Serbia. Janjetovi\u0107 was born in Zagreb in 1967. He studied history at the Faculty of Arts at the University of Belgrade. He took the post-graduate course at the same faculty at the chair for General Contemporary History 1993-1997 and at [&hellip;]<\/p>\n","protected":false},"author":1,"featured_media":0,"parent":2525,"menu_order":0,"comment_status":"closed","ping_status":"closed","template":"elementor_header_footer","meta":{"_acf_changed":false,"footnotes":""},"class_list":["post-2551","page","type-page","status-publish","hentry"],"acf":[],"_links":{"self":[{"href":"https:\/\/serbie20.rs\/en\/wp-json\/wp\/v2\/pages\/2551","targetHints":{"allow":["GET"]}}],"collection":[{"href":"https:\/\/serbie20.rs\/en\/wp-json\/wp\/v2\/pages"}],"about":[{"href":"https:\/\/serbie20.rs\/en\/wp-json\/wp\/v2\/types\/page"}],"author":[{"embeddable":true,"href":"https:\/\/serbie20.rs\/en\/wp-json\/wp\/v2\/users\/1"}],"replies":[{"embeddable":true,"href":"https:\/\/serbie20.rs\/en\/wp-json\/wp\/v2\/comments?post=2551"}],"version-history":[{"count":2,"href":"https:\/\/serbie20.rs\/en\/wp-json\/wp\/v2\/pages\/2551\/revisions"}],"predecessor-version":[{"id":2617,"href":"https:\/\/serbie20.rs\/en\/wp-json\/wp\/v2\/pages\/2551\/revisions\/2617"}],"up":[{"embeddable":true,"href":"https:\/\/serbie20.rs\/en\/wp-json\/wp\/v2\/pages\/2525"}],"wp:attachment":[{"href":"https:\/\/serbie20.rs\/en\/wp-json\/wp\/v2\/media?parent=2551"}],"curies":[{"name":"wp","href":"https:\/\/api.w.org\/{rel}","templated":true}]}}