{"id":2545,"date":"2022-10-24T11:06:17","date_gmt":"2022-10-24T09:06:17","guid":{"rendered":"https:\/\/serbie20.rs\/team\/ivana-dobrivojevic-tomic\/"},"modified":"2024-11-27T11:53:48","modified_gmt":"2024-11-27T10:53:48","slug":"ivana-dobrivojevic-tomic","status":"publish","type":"page","link":"https:\/\/serbie20.rs\/en\/team\/ivana-dobrivojevic-tomic\/","title":{"rendered":"Ivana Dobrivojevi\u0107 Tomi\u0107"},"content":{"rendered":"\t\t<div data-elementor-type=\"wp-page\" data-elementor-id=\"2545\" class=\"elementor elementor-2545 elementor-295\" data-elementor-post-type=\"page\">\n\t\t\t\t\t\t<section class=\"elementor-section elementor-top-section elementor-element elementor-element-ed1acb3 elementor-section-boxed elementor-section-height-default elementor-section-height-default\" data-id=\"ed1acb3\" data-element_type=\"section\" data-e-type=\"section\">\n\t\t\t\t\t\t<div class=\"elementor-container elementor-column-gap-no\">\n\t\t\t\t\t<div class=\"elementor-column elementor-col-100 elementor-top-column elementor-element elementor-element-69a2b6a\" data-id=\"69a2b6a\" data-element_type=\"column\" data-e-type=\"column\">\n\t\t\t<div class=\"elementor-widget-wrap elementor-element-populated\">\n\t\t\t\t\t\t<div class=\"elementor-element elementor-element-73460be elementor-widget elementor-widget-image\" data-id=\"73460be\" data-element_type=\"widget\" data-e-type=\"widget\" data-widget_type=\"image.default\">\n\t\t\t\t<div class=\"elementor-widget-container\">\n\t\t\t\t\t\t\t\t\t\t\t\t\t\t\t<img fetchpriority=\"high\" decoding=\"async\" width=\"238\" height=\"298\" src=\"https:\/\/serbie20.rs\/wp-content\/uploads\/2022\/12\/dr-Ivana-Dobrivojevic-Tomic.jpg\" class=\"attachment-full size-full wp-image-801\" alt=\"\" \/>\t\t\t\t\t\t\t\t\t\t\t\t\t\t\t<\/div>\n\t\t\t\t<\/div>\n\t\t\t\t<div class=\"elementor-element elementor-element-b630cb5 elementor-widget elementor-widget-heading\" data-id=\"b630cb5\" data-element_type=\"widget\" data-e-type=\"widget\" data-widget_type=\"heading.default\">\n\t\t\t\t<div class=\"elementor-widget-container\">\n\t\t\t\t\t<h2 class=\"elementor-heading-title elementor-size-default\">Ivana Dobrivojevi\u0107 Tomi\u0107<\/h2>\t\t\t\t<\/div>\n\t\t\t\t<\/div>\n\t\t\t\t<div class=\"elementor-element elementor-element-d6f77c2 elementor-widget elementor-widget-text-editor\" data-id=\"d6f77c2\" data-element_type=\"widget\" data-e-type=\"widget\" data-widget_type=\"text-editor.default\">\n\t\t\t\t<div class=\"elementor-widget-container\">\n\t\t\t\t\t\t\t\t\t<p>Ivana Dobrivojevi\u0107 Tomi\u0107 (1975) is a senior research associate at the Institute of Contemporary History in Belgrade. She graduated at the Faculty of Philosophy in Belgrade, Department of History of Yugoslavia. At the same department, she defended her master&#8217;s thesis\u00a0<em>Dr\u017eavna represija u doba diktature kralja Aleksandra 1929 \u2013 1935<\/em>, and then earned her doctorate with the topic <em>Village and city. The transformation of the agrarian society of Serbia 1945 \u2013 1955<\/em>. She deals with the research of state repression in the Kingdom of Yugoslavia, the industrialization of socialist Yugoslavia, the standard of living of ordinary people, rural-urban migrations, the life of youth in socialist Yugoslavia and family planning. She was a visiting researcher at the Imre Kertes College in Jena, the Institute for the Study of the History of Eastern and Southeastern Europe in Regensburg, and the Institute for the History of Eastern and Southeastern Europe in Graz. She is the author of three monographs and over 70 articles published in national and international journals.<\/p>\n\t\t\t\t\t\t\t\t<\/div>\n\t\t\t\t<\/div>\n\t\t\t\t<div class=\"elementor-element elementor-element-2994510 elementor-widget elementor-widget-video\" data-id=\"2994510\" data-element_type=\"widget\" data-e-type=\"widget\" data-settings=\"{&quot;youtube_url&quot;:&quot;https:\\\/\\\/www.youtube.com\\\/watch?v=22TFU-uDhMk&amp;ab_channel=Serbie20&quot;,&quot;video_type&quot;:&quot;youtube&quot;,&quot;controls&quot;:&quot;yes&quot;}\" data-widget_type=\"video.default\">\n\t\t\t\t<div class=\"elementor-widget-container\">\n\t\t\t\t\t\t\t<div class=\"elementor-wrapper elementor-open-inline\">\n\t\t\t<div class=\"elementor-video\"><\/div>\t\t<\/div>\n\t\t\t\t\t\t<\/div>\n\t\t\t\t<\/div>\n\t\t\t\t\t<\/div>\n\t\t<\/div>\n\t\t\t\t\t<\/div>\n\t\t<\/section>\n\t\t\t\t<\/div>\n\t\t","protected":false},"excerpt":{"rendered":"<p>Ivana Dobrivojevi\u0107 Tomi\u0107 Ivana Dobrivojevi\u0107 Tomi\u0107 (1975) is a senior research associate at the Institute of Contemporary History in Belgrade. She graduated at the Faculty of Philosophy in Belgrade, Department of History of Yugoslavia. At the same department, she defended her master&#8217;s thesis\u00a0Dr\u017eavna represija u doba diktature kralja Aleksandra 1929 \u2013 1935, and then earned [&hellip;]<\/p>\n","protected":false},"author":1,"featured_media":0,"parent":2525,"menu_order":0,"comment_status":"closed","ping_status":"closed","template":"elementor_header_footer","meta":{"_acf_changed":false,"footnotes":""},"class_list":["post-2545","page","type-page","status-publish","hentry"],"acf":[],"_links":{"self":[{"href":"https:\/\/serbie20.rs\/en\/wp-json\/wp\/v2\/pages\/2545","targetHints":{"allow":["GET"]}}],"collection":[{"href":"https:\/\/serbie20.rs\/en\/wp-json\/wp\/v2\/pages"}],"about":[{"href":"https:\/\/serbie20.rs\/en\/wp-json\/wp\/v2\/types\/page"}],"author":[{"embeddable":true,"href":"https:\/\/serbie20.rs\/en\/wp-json\/wp\/v2\/users\/1"}],"replies":[{"embeddable":true,"href":"https:\/\/serbie20.rs\/en\/wp-json\/wp\/v2\/comments?post=2545"}],"version-history":[{"count":1,"href":"https:\/\/serbie20.rs\/en\/wp-json\/wp\/v2\/pages\/2545\/revisions"}],"predecessor-version":[{"id":2546,"href":"https:\/\/serbie20.rs\/en\/wp-json\/wp\/v2\/pages\/2545\/revisions\/2546"}],"up":[{"embeddable":true,"href":"https:\/\/serbie20.rs\/en\/wp-json\/wp\/v2\/pages\/2525"}],"wp:attachment":[{"href":"https:\/\/serbie20.rs\/en\/wp-json\/wp\/v2\/media?parent=2545"}],"curies":[{"name":"wp","href":"https:\/\/api.w.org\/{rel}","templated":true}]}}