{"id":2541,"date":"2022-10-24T11:05:03","date_gmt":"2022-10-24T09:05:03","guid":{"rendered":"https:\/\/serbie20.rs\/team\/dragomir-bondzic\/"},"modified":"2024-11-27T11:52:36","modified_gmt":"2024-11-27T10:52:36","slug":"dragomir-bondzic","status":"publish","type":"page","link":"https:\/\/serbie20.rs\/en\/team\/dragomir-bondzic\/","title":{"rendered":"Dragomir Bond\u017ei\u0107"},"content":{"rendered":"\t\t<div data-elementor-type=\"wp-page\" data-elementor-id=\"2541\" class=\"elementor elementor-2541 elementor-287\" data-elementor-post-type=\"page\">\n\t\t\t\t\t\t<section class=\"elementor-section elementor-top-section elementor-element elementor-element-b668c03 elementor-section-boxed elementor-section-height-default elementor-section-height-default\" data-id=\"b668c03\" data-element_type=\"section\" data-e-type=\"section\">\n\t\t\t\t\t\t<div class=\"elementor-container elementor-column-gap-no\">\n\t\t\t\t\t<div class=\"elementor-column elementor-col-100 elementor-top-column elementor-element elementor-element-6d4dd5d\" data-id=\"6d4dd5d\" data-element_type=\"column\" data-e-type=\"column\">\n\t\t\t<div class=\"elementor-widget-wrap elementor-element-populated\">\n\t\t\t\t\t\t<div class=\"elementor-element elementor-element-6ae5556 elementor-widget elementor-widget-image\" data-id=\"6ae5556\" data-element_type=\"widget\" data-e-type=\"widget\" data-widget_type=\"image.default\">\n\t\t\t\t<div class=\"elementor-widget-container\">\n\t\t\t\t\t\t\t\t\t\t\t\t\t\t\t<img fetchpriority=\"high\" decoding=\"async\" width=\"238\" height=\"298\" src=\"https:\/\/serbie20.rs\/wp-content\/uploads\/2022\/12\/dr-dragomir-bondzic.jpg\" class=\"attachment-full size-full wp-image-778\" alt=\"\" \/>\t\t\t\t\t\t\t\t\t\t\t\t\t\t\t<\/div>\n\t\t\t\t<\/div>\n\t\t\t\t<div class=\"elementor-element elementor-element-e6bed7c elementor-widget elementor-widget-heading\" data-id=\"e6bed7c\" data-element_type=\"widget\" data-e-type=\"widget\" data-widget_type=\"heading.default\">\n\t\t\t\t<div class=\"elementor-widget-container\">\n\t\t\t\t\t<h2 class=\"elementor-heading-title elementor-size-default\">Dragomir Bond\u017ei\u0107<\/h2>\t\t\t\t<\/div>\n\t\t\t\t<\/div>\n\t\t\t\t<div class=\"elementor-element elementor-element-c83a4a8 elementor-widget elementor-widget-text-editor\" data-id=\"c83a4a8\" data-element_type=\"widget\" data-e-type=\"widget\" data-widget_type=\"text-editor.default\">\n\t\t\t\t<div class=\"elementor-widget-container\">\n\t\t\t\t\t\t\t\t\t<p>Dragomir Bond\u017ei\u0107 was born in 1973 in Kru\u0161evac. He finished elementary school and high school in Aleksandrovac. He graduated in 1999, obtained master&#8217;s degree in 2003 and PhD in 2010 at the Department of History of Yugoslavia at the Faculty of Philosophy in Belgrade. Since March 2000, he has been working at the Institute of Contemporary History, where in 2019 he obtained the title of principal research fellow. He deals with the history of Yugoslavia and Serbia in the 20th century, especially the development of science, education and culture after 1945, the history of Belgrade University, the relationship between the state and the intellectual elite, the international scientific and higher education ties of Serbia and Yugoslavia in the context of the Cold War, the education of students from non-aligned countries in Yugoslavia and Yugoslavia&#8217;s nuclear policy.<\/p>\n<p>He published seven monographs, over 130 articles and over 60 reports and information in domestic and foreign scientific journals and anthologies. The most important monographs are: <em>Beogradski univerzitet 1944\u20131952<\/em>, Beograd 2004;\u00a0<em>Univerzitet u socijalizmu: visoko \u0161kolstvo u Srbiji 1950\u20131960<\/em>, Beograd 2010;\u00a0<em>Misao bez paso\u0161a. Me\u0111unarodna saradnja Beogradskog univerziteta 1945\u20131960<\/em>, Beograd 2011;\u00a0<em>Izme\u0111u ambicija i iluzija. Nuklearna politika Jugoslavije 1945\u20131990<\/em>, Beograd 2016. In co-authorship with Kost Nikoli\u0107, he is the author of a history textbook for primary and secondary schools. He participated in over 80 international and national scientific conferences in the country and abroad (Croatia, Algeria, Poland, Macedonia, Austria, Hungary, Romania, Bosnia and Herzegovina). He gave numerous public lectures and participated in over 100 public forums and book promotions. He edited several collective volumes and participated in the organization of several national and international scientific conferences. He is a member of the editorial board of several scientific journals, and since 2015 he is the editor-in-chief of the scientific journal &#8220;Istorija 20. veka&#8221;.<\/p>\n\t\t\t\t\t\t\t\t<\/div>\n\t\t\t\t<\/div>\n\t\t\t\t<div class=\"elementor-element elementor-element-475276f elementor-widget elementor-widget-video\" data-id=\"475276f\" data-element_type=\"widget\" data-e-type=\"widget\" data-settings=\"{&quot;youtube_url&quot;:&quot;https:\\\/\\\/www.youtube.com\\\/watch?v=MCX-ZP_2w2U&amp;ab_channel=Serbie20&quot;,&quot;video_type&quot;:&quot;youtube&quot;,&quot;controls&quot;:&quot;yes&quot;}\" data-widget_type=\"video.default\">\n\t\t\t\t<div class=\"elementor-widget-container\">\n\t\t\t\t\t\t\t<div class=\"elementor-wrapper elementor-open-inline\">\n\t\t\t<div class=\"elementor-video\"><\/div>\t\t<\/div>\n\t\t\t\t\t\t<\/div>\n\t\t\t\t<\/div>\n\t\t\t\t\t<\/div>\n\t\t<\/div>\n\t\t\t\t\t<\/div>\n\t\t<\/section>\n\t\t\t\t<\/div>\n\t\t","protected":false},"excerpt":{"rendered":"<p>Dragomir Bond\u017ei\u0107 Dragomir Bond\u017ei\u0107 was born in 1973 in Kru\u0161evac. He finished elementary school and high school in Aleksandrovac. He graduated in 1999, obtained master&#8217;s degree in 2003 and PhD in 2010 at the Department of History of Yugoslavia at the Faculty of Philosophy in Belgrade. Since March 2000, he has been working at the [&hellip;]<\/p>\n","protected":false},"author":1,"featured_media":0,"parent":2525,"menu_order":0,"comment_status":"closed","ping_status":"closed","template":"elementor_header_footer","meta":{"_acf_changed":false,"footnotes":""},"class_list":["post-2541","page","type-page","status-publish","hentry"],"acf":[],"_links":{"self":[{"href":"https:\/\/serbie20.rs\/en\/wp-json\/wp\/v2\/pages\/2541","targetHints":{"allow":["GET"]}}],"collection":[{"href":"https:\/\/serbie20.rs\/en\/wp-json\/wp\/v2\/pages"}],"about":[{"href":"https:\/\/serbie20.rs\/en\/wp-json\/wp\/v2\/types\/page"}],"author":[{"embeddable":true,"href":"https:\/\/serbie20.rs\/en\/wp-json\/wp\/v2\/users\/1"}],"replies":[{"embeddable":true,"href":"https:\/\/serbie20.rs\/en\/wp-json\/wp\/v2\/comments?post=2541"}],"version-history":[{"count":1,"href":"https:\/\/serbie20.rs\/en\/wp-json\/wp\/v2\/pages\/2541\/revisions"}],"predecessor-version":[{"id":2542,"href":"https:\/\/serbie20.rs\/en\/wp-json\/wp\/v2\/pages\/2541\/revisions\/2542"}],"up":[{"embeddable":true,"href":"https:\/\/serbie20.rs\/en\/wp-json\/wp\/v2\/pages\/2525"}],"wp:attachment":[{"href":"https:\/\/serbie20.rs\/en\/wp-json\/wp\/v2\/media?parent=2541"}],"curies":[{"name":"wp","href":"https:\/\/api.w.org\/{rel}","templated":true}]}}