{"id":2539,"date":"2022-10-24T11:06:29","date_gmt":"2022-10-24T09:06:29","guid":{"rendered":"https:\/\/serbie20.rs\/team\/vladimir-petrovic\/"},"modified":"2024-11-27T11:51:42","modified_gmt":"2024-11-27T10:51:42","slug":"vladimir-petrovic","status":"publish","type":"page","link":"https:\/\/serbie20.rs\/en\/team\/vladimir-petrovic\/","title":{"rendered":"Vladimir Petrovi\u0107"},"content":{"rendered":"\t\t<div data-elementor-type=\"wp-page\" data-elementor-id=\"2539\" class=\"elementor elementor-2539 elementor-297\" data-elementor-post-type=\"page\">\n\t\t\t\t\t\t<section class=\"elementor-section elementor-top-section elementor-element elementor-element-171da40 elementor-section-boxed elementor-section-height-default elementor-section-height-default\" data-id=\"171da40\" data-element_type=\"section\" data-e-type=\"section\">\n\t\t\t\t\t\t<div class=\"elementor-container elementor-column-gap-no\">\n\t\t\t\t\t<div class=\"elementor-column elementor-col-100 elementor-top-column elementor-element elementor-element-12719fa\" data-id=\"12719fa\" data-element_type=\"column\" data-e-type=\"column\">\n\t\t\t<div class=\"elementor-widget-wrap elementor-element-populated\">\n\t\t\t\t\t\t<div class=\"elementor-element elementor-element-8dfa8d1 elementor-widget elementor-widget-image\" data-id=\"8dfa8d1\" data-element_type=\"widget\" data-e-type=\"widget\" data-widget_type=\"image.default\">\n\t\t\t\t<div class=\"elementor-widget-container\">\n\t\t\t\t\t\t\t\t\t\t\t\t\t\t\t<img decoding=\"async\" width=\"150\" height=\"220\" src=\"https:\/\/serbie20.rs\/wp-content\/uploads\/2022\/12\/dr-vladimir-petrovic.jpg\" class=\"attachment-full size-full wp-image-1016\" alt=\"\" \/>\t\t\t\t\t\t\t\t\t\t\t\t\t\t\t<\/div>\n\t\t\t\t<\/div>\n\t\t\t\t<div class=\"elementor-element elementor-element-21a3157 elementor-widget elementor-widget-heading\" data-id=\"21a3157\" data-element_type=\"widget\" data-e-type=\"widget\" data-widget_type=\"heading.default\">\n\t\t\t\t<div class=\"elementor-widget-container\">\n\t\t\t\t\t<h2 class=\"elementor-heading-title elementor-size-default\">Vladimir Petrovi\u0107<\/h2>\t\t\t\t<\/div>\n\t\t\t\t<\/div>\n\t\t\t\t<div class=\"elementor-element elementor-element-f0b202b elementor-widget elementor-widget-text-editor\" data-id=\"f0b202b\" data-element_type=\"widget\" data-e-type=\"widget\" data-widget_type=\"text-editor.default\">\n\t\t\t\t<div class=\"elementor-widget-container\">\n\t\t\t\t\t\t\t\t\t<p>Vladimir Petrovi\u0107 is a principal research fellow at the Institute of Contemporary History in Belgrade. He graduated at the Department of Contemporary History at the Faculty of Philosophy in Belgrade and earned his master&#8217;s and doctoral degrees in comparative history from Central European University. He further specialized as a postdoctoral fellow at the NIOD Institute for War, Holocaust, and Genocide Studies in Amsterdam. Additionally, he has taught at Central European University, Boston University, University of Amsterdam and Harvard University. He is the Head of the <a href=\"https:\/\/cisi.rs\/\">Innovation Center<\/a> of the Institute for Contemporary History.<\/p>\n<p>He has published studies on mass violence,<\/p>\n<p>(<em>Etni\u010dko \u010di\u0161\u0107enje: geneza koncepta<\/em>, Arhipelag 2019) and the role of historians in the legal confrontation with its legacy (<em>The Emergence of Historical Forensic Expertise: Clio takes the Stand<\/em>, Routledge, 2017). He also wrote about Yugoslav foreign policy during the Cold War (<em>Jugoslavija stupa na Bliski Istok. Titova li\u010dna diplomatija<\/em>, Institut za savremenu istoriju 2010). He wrote about sixty articles and chapters in studies in Serbian and English. He co-edited two collective volumes, as well as eight volumes of documents on the breakup of Yugoslavia.<\/p>\n\t\t\t\t\t\t\t\t<\/div>\n\t\t\t\t<\/div>\n\t\t\t\t\t<\/div>\n\t\t<\/div>\n\t\t\t\t\t<\/div>\n\t\t<\/section>\n\t\t\t\t<\/div>\n\t\t","protected":false},"excerpt":{"rendered":"<p>Vladimir Petrovi\u0107 Vladimir Petrovi\u0107 is a principal research fellow at the Institute of Contemporary History in Belgrade. He graduated at the Department of Contemporary History at the Faculty of Philosophy in Belgrade and earned his master&#8217;s and doctoral degrees in comparative history from Central European University. He further specialized as a postdoctoral fellow at the [&hellip;]<\/p>\n","protected":false},"author":1,"featured_media":0,"parent":2525,"menu_order":0,"comment_status":"closed","ping_status":"closed","template":"elementor_header_footer","meta":{"_acf_changed":false,"footnotes":""},"class_list":["post-2539","page","type-page","status-publish","hentry"],"acf":[],"_links":{"self":[{"href":"https:\/\/serbie20.rs\/en\/wp-json\/wp\/v2\/pages\/2539","targetHints":{"allow":["GET"]}}],"collection":[{"href":"https:\/\/serbie20.rs\/en\/wp-json\/wp\/v2\/pages"}],"about":[{"href":"https:\/\/serbie20.rs\/en\/wp-json\/wp\/v2\/types\/page"}],"author":[{"embeddable":true,"href":"https:\/\/serbie20.rs\/en\/wp-json\/wp\/v2\/users\/1"}],"replies":[{"embeddable":true,"href":"https:\/\/serbie20.rs\/en\/wp-json\/wp\/v2\/comments?post=2539"}],"version-history":[{"count":1,"href":"https:\/\/serbie20.rs\/en\/wp-json\/wp\/v2\/pages\/2539\/revisions"}],"predecessor-version":[{"id":2540,"href":"https:\/\/serbie20.rs\/en\/wp-json\/wp\/v2\/pages\/2539\/revisions\/2540"}],"up":[{"embeddable":true,"href":"https:\/\/serbie20.rs\/en\/wp-json\/wp\/v2\/pages\/2525"}],"wp:attachment":[{"href":"https:\/\/serbie20.rs\/en\/wp-json\/wp\/v2\/media?parent=2539"}],"curies":[{"name":"wp","href":"https:\/\/api.w.org\/{rel}","templated":true}]}}