{"id":1673,"date":"2022-10-24T11:05:58","date_gmt":"2022-10-24T09:05:58","guid":{"rendered":"https:\/\/serbie20.rs\/ljubinka-skodric-phd\/"},"modified":"2024-11-27T11:47:47","modified_gmt":"2024-11-27T10:47:47","slug":"ljubinka-skodric-phd","status":"publish","type":"page","link":"https:\/\/serbie20.rs\/en\/team\/ljubinka-skodric-phd\/","title":{"rendered":"Ljubinka \u0160kodri\u0107, PhD"},"content":{"rendered":"\t\t<div data-elementor-type=\"wp-page\" data-elementor-id=\"1673\" class=\"elementor elementor-1673 elementor-293\" data-elementor-post-type=\"page\">\n\t\t\t\t\t\t<section class=\"elementor-section elementor-top-section elementor-element elementor-element-cacf131 elementor-section-boxed elementor-section-height-default elementor-section-height-default\" data-id=\"cacf131\" data-element_type=\"section\" data-e-type=\"section\">\n\t\t\t\t\t\t<div class=\"elementor-container elementor-column-gap-no\">\n\t\t\t\t\t<div class=\"elementor-column elementor-col-100 elementor-top-column elementor-element elementor-element-82830c3\" data-id=\"82830c3\" data-element_type=\"column\" data-e-type=\"column\">\n\t\t\t<div class=\"elementor-widget-wrap elementor-element-populated\">\n\t\t\t\t\t\t<div class=\"elementor-element elementor-element-f4e2377 elementor-widget elementor-widget-image\" data-id=\"f4e2377\" data-element_type=\"widget\" data-e-type=\"widget\" data-widget_type=\"image.default\">\n\t\t\t\t<div class=\"elementor-widget-container\">\n\t\t\t\t\t\t\t\t\t\t\t\t\t\t\t<img fetchpriority=\"high\" decoding=\"async\" width=\"238\" height=\"298\" src=\"https:\/\/serbie20.rs\/wp-content\/uploads\/2022\/12\/dr-ljubinka-skodric.jpg\" class=\"attachment-full size-full wp-image-810\" alt=\"\" \/>\t\t\t\t\t\t\t\t\t\t\t\t\t\t\t<\/div>\n\t\t\t\t<\/div>\n\t\t\t\t<div class=\"elementor-element elementor-element-f504650 elementor-widget elementor-widget-heading\" data-id=\"f504650\" data-element_type=\"widget\" data-e-type=\"widget\" data-widget_type=\"heading.default\">\n\t\t\t\t<div class=\"elementor-widget-container\">\n\t\t\t\t\t<h2 class=\"elementor-heading-title elementor-size-default\">Ljubinka \u0160kodri\u0107, PhD<\/h2>\t\t\t\t<\/div>\n\t\t\t\t<\/div>\n\t\t\t\t<div class=\"elementor-element elementor-element-bfc81b7 elementor-widget elementor-widget-text-editor\" data-id=\"bfc81b7\" data-element_type=\"widget\" data-e-type=\"widget\" data-widget_type=\"text-editor.default\">\n\t\t\t\t<div class=\"elementor-widget-container\">\n\t\t\t\t\t\t\t\t\t<p><strong>Ljubinka \u0160kodri\u0107 <\/strong>(Belgrade, 1975) is a Senior Research Associate at the Institute of Contemporary History in Belgrade. She earned her PhD in Yugoslav history at History Department of Faculty of Philosophy at Belgrade University. From 2001 till 2018 she worked in the Archives of Serbia. She specializes in the history of education and social history of Serbia during Second World War. She is the author of two monographies: <em>Ministry of Education and Religion in Serbia 1941-1944. The Fate of Institution under Occupation <\/em>(<em>Ministarstvo prosvete i vera u Srbiji<\/em><em> 1941-1944. <\/em><em>Sudbina institucije pod okupacijom, <\/em>Beograd, Arhiv Srbije, 2009) and <em>Women in Occupied Serbia 1941-1944<\/em> (<em>\u017dena u okupiranoj Srbiji<\/em><em> 1941-1944<\/em><em>, <\/em>Beograd: Arhipelag, Institut za savremenu istoriju, 2020). Among her publications are collections of documents and various studies and articles in foreign and local journals and edited volumes. Areas of her research are: Gender History of Serbia, History of Education, Social History of Serbia, History of Serbian Archival Service.<\/p>\n\t\t\t\t\t\t\t\t<\/div>\n\t\t\t\t<\/div>\n\t\t\t\t<div class=\"elementor-element elementor-element-a6febb3 elementor-widget elementor-widget-video\" data-id=\"a6febb3\" data-element_type=\"widget\" data-e-type=\"widget\" data-settings=\"{&quot;youtube_url&quot;:&quot;https:\\\/\\\/www.youtube.com\\\/watch?v=m89_3vXurY0&amp;ab_channel=Serbie20&quot;,&quot;video_type&quot;:&quot;youtube&quot;,&quot;controls&quot;:&quot;yes&quot;}\" data-widget_type=\"video.default\">\n\t\t\t\t<div class=\"elementor-widget-container\">\n\t\t\t\t\t\t\t<div class=\"elementor-wrapper elementor-open-inline\">\n\t\t\t<div class=\"elementor-video\"><\/div>\t\t<\/div>\n\t\t\t\t\t\t<\/div>\n\t\t\t\t<\/div>\n\t\t\t\t\t<\/div>\n\t\t<\/div>\n\t\t\t\t\t<\/div>\n\t\t<\/section>\n\t\t\t\t<\/div>\n\t\t","protected":false},"excerpt":{"rendered":"<p>Ljubinka \u0160kodri\u0107, PhD Ljubinka \u0160kodri\u0107 (Belgrade, 1975) is a Senior Research Associate at the Institute of Contemporary History in Belgrade. She earned her PhD in Yugoslav history at History Department of Faculty of Philosophy at Belgrade University. From 2001 till 2018 she worked in the Archives of Serbia. She specializes in the history of education [&hellip;]<\/p>\n","protected":false},"author":1,"featured_media":0,"parent":2525,"menu_order":0,"comment_status":"closed","ping_status":"closed","template":"elementor_header_footer","meta":{"_acf_changed":false,"footnotes":""},"class_list":["post-1673","page","type-page","status-publish","hentry"],"acf":[],"_links":{"self":[{"href":"https:\/\/serbie20.rs\/en\/wp-json\/wp\/v2\/pages\/1673","targetHints":{"allow":["GET"]}}],"collection":[{"href":"https:\/\/serbie20.rs\/en\/wp-json\/wp\/v2\/pages"}],"about":[{"href":"https:\/\/serbie20.rs\/en\/wp-json\/wp\/v2\/types\/page"}],"author":[{"embeddable":true,"href":"https:\/\/serbie20.rs\/en\/wp-json\/wp\/v2\/users\/1"}],"replies":[{"embeddable":true,"href":"https:\/\/serbie20.rs\/en\/wp-json\/wp\/v2\/comments?post=1673"}],"version-history":[{"count":2,"href":"https:\/\/serbie20.rs\/en\/wp-json\/wp\/v2\/pages\/1673\/revisions"}],"predecessor-version":[{"id":2530,"href":"https:\/\/serbie20.rs\/en\/wp-json\/wp\/v2\/pages\/1673\/revisions\/2530"}],"up":[{"embeddable":true,"href":"https:\/\/serbie20.rs\/en\/wp-json\/wp\/v2\/pages\/2525"}],"wp:attachment":[{"href":"https:\/\/serbie20.rs\/en\/wp-json\/wp\/v2\/media?parent=1673"}],"curies":[{"name":"wp","href":"https:\/\/api.w.org\/{rel}","templated":true}]}}